{"id":24776,"date":"2022-06-09T21:11:06","date_gmt":"2022-06-09T19:11:06","guid":{"rendered":"http:\/\/medf.finki.ukim.mk\/international-projects\/"},"modified":"2025-05-20T21:06:41","modified_gmt":"2025-05-20T19:06:41","slug":"international-projects","status":"publish","type":"page","link":"https:\/\/medf.ukim.edu.mk\/en\/international-projects\/","title":{"rendered":"International projects"},"content":{"rendered":"\n<p><strong>List of international projects with the participation of the Faculty of Medicine Skopje  <\/strong><\/p>\n\n<ol class=\"wp-block-list\" type=\"1\" start=\"1\">\n<li>TAIEX event 30751 &#8211; MK &#8211; TAIEX Workshop on Developing and unifying recommendations and guidelines for evaluation of complex DNA profiles of the forensic DNA experts in the Balkan region according to the international guidelines, in cooperation with the EU (2020).<\/li>\n\n\n\n<li>TAIEX event 30752 &#8211; MK &#8211; TAIEX Study Visit on Strengthening the knowledge of the DNA experts in the Republic of North Macedonia on the evaluation of complex DNA profiles according to the international guidelines, in cooperation with the EU (2020).<\/li>\n\n\n\n<li> <a>\u201c<\/a> Effectiveness of combining feedback about lung age or exhaled CO levels with very brief advice (VBA) and support for smoking cessation in primary care compared to giving VBA and support alone\u201d. The project is led by the University of Birmingham &#8211; NIHR Global Health Research Group of Global COPD in Primary Care (2017-2020). Prof. Dr. Katerina Stavric is the principal investigator from the Faculty of Medicine in Skopje. (completed December 2021)    <\/li>\n\n\n\n<li>\u201cUniform noting for international application of the tumor-stroma ratio as easy diagnostic tool-UNITED\u201d. The project leader is the University Medical Center in Leiden, the Netherlands. Prof. Dr. Gordana Petrushevska is the principal investigator from the Faculty of Medicine in Skopje. (ongoing)   <\/li>\n\n\n\n<li>\u201cExpert support for development, adaptation of a training courses for immunization health professionals and managers in North Macedonia\u201d. Project leader Prof. Dr. Katarina Stavric <a>, in cooperation with the World Health Organization, 07 July \u2013 20 December 2021.<\/a> (completed December 2021)<\/li>\n\n\n\n<li>\u201cExpert support for adaptation and implementation of training package &#8220;Communicating with patients about COVID-19 vaccination&#8221; Project leader Dr. Katerina Kova\u010devi\u0107 in cooperation with the World Health Organization. 20 August \u2013 15 November 2021. (ongoing)  <\/li>\n\n\n\n<li>\u201cFamily Doctors \u2013 Partners in expanding access and choice to contraception and sexual and reproductive health services\u201d. Center for Family Medicine, Faculty of Medicine, Prof. Katarina Stavric is a partner in the project. Project leader HERA (HERA \u2013 Health Education and Research Association), 01.04.2020 \u2013 31.09.2022. (ongoing)   <\/li>\n\n\n\n<li>\u201cTransferring simulation to medicine TRANSSIMED\u201d Erasmus+ KA220-VET Cooperation partnerships in vocational education and training\u201d. Project leader: Health Center Ljubljana Slovenia, partners: University of Zagreb, Health Center Zagreb-Centre Croatia and Center for Family Medicine Faculty of Medicine, University of St. Cyril and Methodius Skopje.  <\/li>\n\n\n\n<li>\u201cEuropean general practitioners attitudes towards person-centered care and factors that influence its implementation in everyday practice\u201d. Project leader Goranka Petri\u010dek, Department of Family Medicine, &#8220;Andrija Stampar&#8221; School of Public Health, School of Medicine, University of Zagreb, Health Centre Zagreb West, partners 22 European countries, <a>Center for Family Medicine, Faculty of Medicine, University of St. Cyril and Methodius, Skopje<\/a> (period September 2022-September 2023) <\/li>\n\n\n\n<li>&#8220;Implementation of protocols for reliable application of antibody testing in management of COVID-19 crisis&#8221;. Serbia <sup>,<\/sup> s Official Development Assistance (ODA) UNDP Serbia. Jan 2022 \u2013 March 2022. INSTITUT ZA PRIMENU NUKLEARNE ENERGIJE \u2013 INEP \u2013 dr Danica \u0106uji\u0107, HEMIJSKI FAKULTET \u2013 Prof. dr Tanja \u0106irkovi\u0107 Veli\u010dkovi\u0107, INSTITUTE OF IMMUNOLOGY AND HUMAN GENETICS \u2013 Prof. Dr. Aleksandar Petli\u010dkovski.   <\/li>\n\n\n\n<li>Project &#8220;Real-world effectiveness of COVID-19 vaccines in preventing symptomatic disease, hospitalization and death in the Macedonian population&#8221; Chinese Center for Disease Control and Prevention, Jan 2022-Jan 2023. Principal investigators: Aleksandar Petlichkovski, Feng Zijian. <\/li>\n<\/ol>\n\n<p><strong>International research projects and clinical studies at the Institute of Preclinical and Clinical Pharmacology with Toxicology:<\/strong><\/p>\n\n<p> <\/p>\n\n<ol class=\"wp-block-list\" type=\"1\" start=\"1\">\n<li>1.&#8221;COMPARATIVE, RANDOMISED, SINGLE-DOSE, CROSSOVER BIOAVAILABILITY STUDY OF VALSARTAN \/ INDAPAMIDE MR 160 mg \/ 1.5 mg FORMULATIONS IN HEALTHY VOLUNTEERS UNDER FASTING CONDITIONS&#8221;; (Sponsor Study Code: 21-702; CRO Study Code: LNI-268-21).<\/li>\n<\/ol>\n\n<ol class=\"wp-block-list\" type=\"1\" start=\"2\">\n<li>&#8220;COMPARATIVE, RANDOMISED, SINGLE-DOSE, CROSSOVER BIOAVAILABILITY STUDY OF VALSARTAN \/ INDAPAMIDE MR 160 mg \/ 1.5 mg FORMULATIONS IN HEALTHY VOLUNTEERS UNDER FED CONDITIONS&#8221;; (Sponsor Study Code: 21-714; CRO Study Code: LNI-269-21)<\/li>\n<\/ol>\n\n<ol class=\"wp-block-list\" type=\"1\" start=\"3\">\n<li>&#8220;COMPARATIVE, RANDOMISED, SINGLE-DOSE, CROSSOVER 4-WAY BIOAVAILABILITY STUDY OF EZETIMIBE\/ATORVASTATIN 10 mg\/ 80 mg FORMULATIONS IN HEALTHY VOLUNTEERS UNDER FASTING CONDITIONS&#8221;; (Sponsor Study Code: 21-711; CRO Study Code: ETA-230-21).<\/li>\n<\/ol>\n\n<ol class=\"wp-block-list\" type=\"1\" start=\"4\">\n<li>Pharmacokinetic Characterization of benzydamine hydrochloride and cetylpyridinium chloride in Saliva after Single Dose of Septolete total lozenges (3 mg\/1 mg) IN HEALTHY VOLUNTEERS; (Sponsor Study Code: 21-719; CRO Study Code: PES-340-21).<\/li>\n<\/ol>\n\n<ol class=\"wp-block-list\" type=\"1\" start=\"5\">\n<li>&#8220;COMPARATIVE, RANDOMISED, SINGLE-DOSE, CROSSOVER, 4-WAY BIOAVAILABILITY STUDY EDOXABAN 60 mg FORMULATIONS IN HEALTHY VOLUNTEERS UNDER FASTING CONDITIONS&#8221;; (Sponsor Study Code: 21-715; CRO Study Code: ODE-288-21).<\/li>\n<\/ol>\n\n<ol class=\"wp-block-list\" type=\"1\" start=\"6\">\n<li>&#8220;COMPARATIVE, SINGLE-DOSE, 3-WAY CROSSOVER BIOAVAILABILITY STUDY OF EMPAGLIFLOZIN 25 MG TABLET FORMULATIONS IN HEALTHY VOLUNTEERS UNDER FED CONDITION&#8221;; (Sponsor Study Code: 21-701; CRO Study Code: PME-207-21).<\/li>\n<\/ol>\n\n<ol class=\"wp-block-list\" type=\"1\" start=\"7\">\n<li>&#8220;COMPARATIVE, RANDOMISED, SINGLE-DOSE, CROSSOVER BIOAVAILABILITY STUDY OF CANDESARTAN \/ INDAPAMIDE 16 MG \/ 2.5 MG&#8221;; (Sponsor Study Code: 22-724; CRO Study Code: NNI-27-22).<\/li>\n<\/ol>\n\n<ol class=\"wp-block-list\" type=\"1\" start=\"8\">\n<li>&#8220;COMPARATIVE, RANDOMISED, SINGLE-DOSE, CROSSOVER BIOAVAILABILITY STUDY OF POMALIDOMIDE 4 mg FORMULATIONS IN HEALTHY VOLUNTEERS UNDER FASTING CONDITIONS&#8221;; (Sponsor Study Code: 22-725; CRO Study Code: MOP-28-22).<\/li>\n<\/ol>\n\n<ol class=\"wp-block-list\" type=\"1\" start=\"9\">\n<li>&#8220;COMPARATIVE, RANDOMISED, SINGLE-DOSE, CROSSOVER BIOAVAILABILITY STUDY OF CANDESARTAN \/ INDAPAMIDE 16 MG \/ 2.5 MG&#8221;; (Sponsor Study Code: 22-734; CRO Study Code: BAD-66-22).<\/li>\n<\/ol>\n\n<ol class=\"wp-block-list\" type=\"1\" start=\"10\">\n<li>&#8220;PHARMACOKINETIC INTERACTION STUDY BETWEEN TELMISARTAN 80 MG AND INDAPAMIDE SR 1.5 MG FORMULATIONS IN HEALTHY VOLUNTEERS UNDER FASTING CONDITION&#8221;; (Sponsor Study Code: 21-699; CRO Study Code: LNI-168-22).<\/li>\n<\/ol>\n\n<ol class=\"wp-block-list\" type=\"1\" start=\"11\">\n<li>&#8220;COMPARATIVE, RANDOMISED, MULTIPLE DOSE CROSSOVER BIOAVAILABILITY STUDY OF VALSARTAN\/INDAPAMIDE MR 160 mg\/1.5 mg FORMULATIONS IN HEALTHY VOLUNTEERS UNDER FASTING CONDITION&#8221;; (Sponsor Study Code: 22-742; CRO Study Code: LNI-199-22)&#8221;.<\/li>\n<\/ol>\n\n<ol class=\"wp-block-list\" type=\"1\" start=\"12\">\n<li>&#8221; <a>COMPARATIVE, RANDOMISED, SINGLE-DOSE, CROSSOVER 2-WAY PILOT BIOEQUVALENCE STUDY OF TWO PARACETAMOL 500 mg FORMULATIONS IN HEALTHY VOLUNTEERS UNDER FASTING CONDITION<\/a> &#8220;; (Sponsor Study Code: BEQPL-01-22; CRO Study Code: RAP-93-22).<\/li>\n<\/ol>\n\n<p><strong>International projects led by the Faculty of Medicine, funded by the Ministry of Education and Science and still ongoing:<\/strong><\/p>\n\n<p>\u201cInference and dynamic modeling of effective networks from neurological data: a comparison with structural and functional connectivity\u201d, under the leadership of Assoc. Prof. Dr. Tomislav Stankovski, a Macedonian-Chinese project with the Institute of Science and Technology for Brain-inspired Intelligence (ISTBI), Fudan University, Shanghai, China (2020-2021). <\/p>\n","protected":false},"excerpt":{"rendered":"<p>List of international projects with the participation of the Faculty of Medicine Skopje International research projects and clinical studies at the Institute of Preclinical and Clinical Pharmacology with Toxicology: International projects led by the Faculty of Medicine, funded by the Ministry of Education and Science and still ongoing: \u201cInference and dynamic modeling of effective networks [&hellip;]<\/p>\n","protected":false},"author":15,"featured_media":0,"parent":0,"menu_order":0,"comment_status":"closed","ping_status":"closed","template":"","meta":{"_acf_changed":false,"_et_pb_use_builder":"","_et_pb_old_content":"","_et_gb_content_width":"","footnotes":""},"class_list":["post-24776","page","type-page","status-publish","hentry"],"acf":[],"_links":{"self":[{"href":"https:\/\/medf.ukim.edu.mk\/en\/wp-json\/wp\/v2\/pages\/24776","targetHints":{"allow":["GET"]}}],"collection":[{"href":"https:\/\/medf.ukim.edu.mk\/en\/wp-json\/wp\/v2\/pages"}],"about":[{"href":"https:\/\/medf.ukim.edu.mk\/en\/wp-json\/wp\/v2\/types\/page"}],"author":[{"embeddable":true,"href":"https:\/\/medf.ukim.edu.mk\/en\/wp-json\/wp\/v2\/users\/15"}],"replies":[{"embeddable":true,"href":"https:\/\/medf.ukim.edu.mk\/en\/wp-json\/wp\/v2\/comments?post=24776"}],"version-history":[{"count":1,"href":"https:\/\/medf.ukim.edu.mk\/en\/wp-json\/wp\/v2\/pages\/24776\/revisions"}],"predecessor-version":[{"id":24777,"href":"https:\/\/medf.ukim.edu.mk\/en\/wp-json\/wp\/v2\/pages\/24776\/revisions\/24777"}],"wp:attachment":[{"href":"https:\/\/medf.ukim.edu.mk\/en\/wp-json\/wp\/v2\/media?parent=24776"}],"curies":[{"name":"wp","href":"https:\/\/api.w.org\/{rel}","templated":true}]}}